{"id":29856,"date":"2022-05-17T10:18:16","date_gmt":"2022-05-17T08:18:16","guid":{"rendered":"https:\/\/civil-technik.com\/?page_id=29856"},"modified":"2022-12-09T16:43:04","modified_gmt":"2022-12-09T15:43:04","slug":"servicos","status":"publish","type":"page","link":"https:\/\/civil-technik.com\/en\/servicos\/","title":{"rendered":"Services"},"content":{"rendered":"<div data-elementor-type=\"wp-page\" data-elementor-id=\"29856\" class=\"elementor elementor-29856\">\n\t\t\t\t\t\t\t\t\t<section class=\"elementor-section elementor-top-section elementor-element elementor-element-31526d2d elementor-section-boxed elementor-section-height-default elementor-section-height-default\" data-id=\"31526d2d\" data-element_type=\"section\">\n\t\t\t\t\t\t<div class=\"elementor-container elementor-column-gap-default\">\n\t\t\t\t\t<div class=\"elementor-column elementor-col-100 elementor-top-column elementor-element elementor-element-588ee20a\" data-id=\"588ee20a\" data-element_type=\"column\">\n\t\t\t<div class=\"elementor-widget-wrap elementor-element-populated\">\n\t\t\t\t\t\t\t\t<div class=\"elementor-element elementor-element-2e0ec764 elementor-widget elementor-widget-text-editor\" data-id=\"2e0ec764\" data-element_type=\"widget\" data-widget_type=\"text-editor.default\">\n\t\t\t\t<div class=\"elementor-widget-container\">\n\t\t\t\t\t\t\t<!-- wp:divi\/placeholder \/-->\t\t\t\t\t\t<\/div>\n\t\t\t\t<\/div>\n\t\t\t\t\t<\/div>\n\t\t<\/div>\n\t\t\t\t\t\t\t<\/div>\n\t\t<\/section>\n\t\t\t\t<section class=\"elementor-section elementor-top-section elementor-element elementor-element-81e4865 elementor-section-boxed elementor-section-height-default elementor-section-height-default\" data-id=\"81e4865\" data-element_type=\"section\">\n\t\t\t\t\t\t<div class=\"elementor-container elementor-column-gap-default\">\n\t\t\t\t\t<div class=\"elementor-column elementor-col-100 elementor-top-column elementor-element elementor-element-77f1324\" data-id=\"77f1324\" data-element_type=\"column\">\n\t\t\t<div class=\"elementor-widget-wrap elementor-element-populated\">\n\t\t\t\t\t\t\t\t<div class=\"elementor-element elementor-element-76d32f0 elementor-widget-divider--view-line elementor-widget elementor-widget-divider\" data-id=\"76d32f0\" data-element_type=\"widget\" data-widget_type=\"divider.default\">\n\t\t\t\t<div class=\"elementor-widget-container\">\n\t\t\t\t\t<div class=\"elementor-divider\">\n\t\t\t<span class=\"elementor-divider-separator\">\n\t\t\t\t\t\t<\/span>\n\t\t<\/div>\n\t\t\t\t<\/div>\n\t\t\t\t<\/div>\n\t\t\t\t\t<\/div>\n\t\t<\/div>\n\t\t\t\t\t\t\t<\/div>\n\t\t<\/section>\n\t\t\t\t<section class=\"elementor-section elementor-top-section elementor-element elementor-element-98321ab elementor-section-boxed elementor-section-height-default elementor-section-height-default\" data-id=\"98321ab\" data-element_type=\"section\">\n\t\t\t\t\t\t<div class=\"elementor-container elementor-column-gap-default\">\n\t\t\t\t\t<div class=\"elementor-column elementor-col-100 elementor-top-column elementor-element elementor-element-33f8443\" data-id=\"33f8443\" data-element_type=\"column\">\n\t\t\t<div class=\"elementor-widget-wrap elementor-element-populated\">\n\t\t\t\t\t\t\t\t<div class=\"elementor-element elementor-element-0b10474 elementor-widget elementor-widget-heading\" data-id=\"0b10474\" data-element_type=\"widget\" data-widget_type=\"heading.default\">\n\t\t\t\t<div class=\"elementor-widget-container\">\n\t\t\t<h1 class=\"elementor-heading-title elementor-size-default\">Services<\/h1>\t\t<\/div>\n\t\t\t\t<\/div>\n\t\t\t\t\t<\/div>\n\t\t<\/div>\n\t\t\t\t\t\t\t<\/div>\n\t\t<\/section>\n\t\t\t\t<section class=\"elementor-section elementor-top-section elementor-element elementor-element-ddf327c elementor-section-boxed elementor-section-height-default elementor-section-height-default\" data-id=\"ddf327c\" data-element_type=\"section\">\n\t\t\t\t\t\t<div class=\"elementor-container elementor-column-gap-default\">\n\t\t\t\t\t<div class=\"elementor-column elementor-col-100 elementor-top-column elementor-element elementor-element-4d46faa\" data-id=\"4d46faa\" data-element_type=\"column\">\n\t\t\t<div class=\"elementor-widget-wrap elementor-element-populated\">\n\t\t\t\t\t\t\t\t<div class=\"elementor-element elementor-element-054fa52 elementor-widget elementor-widget-spacer\" data-id=\"054fa52\" data-element_type=\"widget\" data-widget_type=\"spacer.default\">\n\t\t\t\t<div class=\"elementor-widget-container\">\n\t\t\t\t\t<div class=\"elementor-spacer\">\n\t\t\t<div class=\"elementor-spacer-inner\"><\/div>\n\t\t<\/div>\n\t\t\t\t<\/div>\n\t\t\t\t<\/div>\n\t\t\t\t\t<\/div>\n\t\t<\/div>\n\t\t\t\t\t\t\t<\/div>\n\t\t<\/section>\n\t\t\t\t<section class=\"elementor-section elementor-top-section elementor-element elementor-element-3c63dd9 elementor-section-boxed elementor-section-height-default elementor-section-height-default\" data-id=\"3c63dd9\" data-element_type=\"section\">\n\t\t\t\t\t\t<div class=\"elementor-container elementor-column-gap-default\">\n\t\t\t\t\t<div class=\"elementor-column elementor-col-33 elementor-top-column elementor-element elementor-element-f5de130\" data-id=\"f5de130\" data-element_type=\"column\">\n\t\t\t<div class=\"elementor-widget-wrap elementor-element-populated\">\n\t\t\t\t\t\t\t\t<div class=\"elementor-element elementor-element-77f2c04 elementor-align-center elementor-widget elementor-widget-button\" data-id=\"77f2c04\" data-element_type=\"widget\" data-widget_type=\"button.default\">\n\t\t\t\t<div class=\"elementor-widget-container\">\n\t\t\t\t\t<div class=\"elementor-button-wrapper\">\n\t\t\t<a href=\"https:\/\/civil-technik.com\/en\/servicos\/estacas-prancha-em-pvc\/\" class=\"elementor-button-link elementor-button elementor-size-xl\" role=\"button\">\n\t\t\t\t\t\t<span class=\"elementor-button-content-wrapper\">\n\t\t\t\t\t\t<span class=\"elementor-button-text\">PVC Sheet Piles<\/span>\n\t\t<\/span>\n\t\t\t\t\t<\/a>\n\t\t<\/div>\n\t\t\t\t<\/div>\n\t\t\t\t<\/div>\n\t\t\t\t\t<\/div>\n\t\t<\/div>\n\t\t\t\t<div class=\"elementor-column elementor-col-33 elementor-top-column elementor-element elementor-element-f6d6587\" data-id=\"f6d6587\" data-element_type=\"column\">\n\t\t\t<div class=\"elementor-widget-wrap elementor-element-populated\">\n\t\t\t\t\t\t\t\t<div class=\"elementor-element elementor-element-aae7fce elementor-align-center elementor-widget elementor-widget-button\" data-id=\"aae7fce\" data-element_type=\"widget\" data-widget_type=\"button.default\">\n\t\t\t\t<div class=\"elementor-widget-container\">\n\t\t\t\t\t<div class=\"elementor-button-wrapper\">\n\t\t\t<a href=\"https:\/\/civil-technik.com\/en\/servicos\/perfuracao-horizontal-dirigida\/\" class=\"elementor-button-link elementor-button elementor-size-xl\" role=\"button\">\n\t\t\t\t\t\t<span class=\"elementor-button-content-wrapper\">\n\t\t\t\t\t\t<span class=\"elementor-button-text\">Horizontal Directional Drilling<\/span>\n\t\t<\/span>\n\t\t\t\t\t<\/a>\n\t\t<\/div>\n\t\t\t\t<\/div>\n\t\t\t\t<\/div>\n\t\t\t\t\t<\/div>\n\t\t<\/div>\n\t\t\t\t<div class=\"elementor-column elementor-col-33 elementor-top-column elementor-element elementor-element-3932a4e\" data-id=\"3932a4e\" data-element_type=\"column\">\n\t\t\t<div class=\"elementor-widget-wrap elementor-element-populated\">\n\t\t\t\t\t\t\t\t<div class=\"elementor-element elementor-element-36c71e3 elementor-align-center elementor-widget__width-auto elementor-widget elementor-widget-button\" data-id=\"36c71e3\" data-element_type=\"widget\" data-widget_type=\"button.default\">\n\t\t\t\t<div class=\"elementor-widget-container\">\n\t\t\t\t\t<div class=\"elementor-button-wrapper\">\n\t\t\t<a href=\"https:\/\/civil-technik.com\/en\/servicos\/consultoria-engenharia-civil\/\" class=\"elementor-button-link elementor-button elementor-size-xl\" role=\"button\">\n\t\t\t\t\t\t<span class=\"elementor-button-content-wrapper\">\n\t\t\t\t\t\t<span class=\"elementor-button-text\">Civil Engineering Consultancy<\/span>\n\t\t<\/span>\n\t\t\t\t\t<\/a>\n\t\t<\/div>\n\t\t\t\t<\/div>\n\t\t\t\t<\/div>\n\t\t\t\t\t<\/div>\n\t\t<\/div>\n\t\t\t\t\t\t\t<\/div>\n\t\t<\/section>\n\t\t\t\t<section class=\"elementor-section elementor-top-section elementor-element elementor-element-433d26f elementor-section-boxed elementor-section-height-default elementor-section-height-default\" data-id=\"433d26f\" data-element_type=\"section\">\n\t\t\t\t\t\t<div class=\"elementor-container elementor-column-gap-default\">\n\t\t\t\t\t<div class=\"elementor-column elementor-col-33 elementor-top-column elementor-element elementor-element-38ede04\" data-id=\"38ede04\" data-element_type=\"column\">\n\t\t\t<div class=\"elementor-widget-wrap elementor-element-populated\">\n\t\t\t\t\t\t\t\t<div class=\"elementor-element elementor-element-057ad5f elementor-widget elementor-widget-image\" data-id=\"057ad5f\" data-element_type=\"widget\" data-widget_type=\"image.default\">\n\t\t\t\t<div class=\"elementor-widget-container\">\n\t\t\t\t\t\t\t\t\t\t\t\t\t\t\t<img loading=\"lazy\" decoding=\"async\" width=\"768\" height=\"768\" src=\"https:\/\/civil-technik.com\/wp-content\/uploads\/2021\/05\/GreenWall-Color-No-Logo-768x768.jpg\" class=\"attachment-medium_large size-medium_large wp-image-28841\" alt=\"Estacas Prancha em PVC\" srcset=\"https:\/\/civil-technik.com\/wp-content\/uploads\/2021\/05\/GreenWall-Color-No-Logo-768x768.jpg 768w, https:\/\/civil-technik.com\/wp-content\/uploads\/2021\/05\/GreenWall-Color-No-Logo-300x300.jpg 300w, https:\/\/civil-technik.com\/wp-content\/uploads\/2021\/05\/GreenWall-Color-No-Logo-1024x1024.jpg 1024w, https:\/\/civil-technik.com\/wp-content\/uploads\/2021\/05\/GreenWall-Color-No-Logo-150x150.jpg 150w, https:\/\/civil-technik.com\/wp-content\/uploads\/2021\/05\/GreenWall-Color-No-Logo-1536x1536.jpg 1536w, https:\/\/civil-technik.com\/wp-content\/uploads\/2021\/05\/GreenWall-Color-No-Logo-1080x1080.jpg 1080w, https:\/\/civil-technik.com\/wp-content\/uploads\/2021\/05\/GreenWall-Color-No-Logo-1280x1280.jpg 1280w, https:\/\/civil-technik.com\/wp-content\/uploads\/2021\/05\/GreenWall-Color-No-Logo-980x980.jpg 980w, https:\/\/civil-technik.com\/wp-content\/uploads\/2021\/05\/GreenWall-Color-No-Logo-480x480.jpg 480w, https:\/\/civil-technik.com\/wp-content\/uploads\/2021\/05\/GreenWall-Color-No-Logo.jpg 1936w\" sizes=\"auto, (max-width: 768px) 100vw, 768px\" \/>\t\t\t\t\t\t\t\t\t\t\t\t\t\t\t<\/div>\n\t\t\t\t<\/div>\n\t\t\t\t\t<\/div>\n\t\t<\/div>\n\t\t\t\t<div class=\"elementor-column elementor-col-33 elementor-top-column elementor-element elementor-element-b56f319\" data-id=\"b56f319\" data-element_type=\"column\">\n\t\t\t<div class=\"elementor-widget-wrap elementor-element-populated\">\n\t\t\t\t\t\t\t\t<div class=\"elementor-element elementor-element-57c6388 elementor-widget elementor-widget-image\" data-id=\"57c6388\" data-element_type=\"widget\" data-widget_type=\"image.default\">\n\t\t\t\t<div class=\"elementor-widget-container\">\n\t\t\t\t\t\t\t\t\t\t\t\t\t\t\t<img loading=\"lazy\" decoding=\"async\" width=\"900\" height=\"675\" src=\"https:\/\/civil-technik.com\/wp-content\/uploads\/2021\/05\/DSC01191-1024x768.jpg\" class=\"attachment-large size-large wp-image-28842\" alt=\"Perfura\u00e7\u00e3o Horizontal Dirigida\" srcset=\"https:\/\/civil-technik.com\/wp-content\/uploads\/2021\/05\/DSC01191-1024x768.jpg 1024w, https:\/\/civil-technik.com\/wp-content\/uploads\/2021\/05\/DSC01191-300x225.jpg 300w, https:\/\/civil-technik.com\/wp-content\/uploads\/2021\/05\/DSC01191-768x576.jpg 768w, https:\/\/civil-technik.com\/wp-content\/uploads\/2021\/05\/DSC01191-510x382.jpg 510w, https:\/\/civil-technik.com\/wp-content\/uploads\/2021\/05\/DSC01191-1080x810.jpg 1080w, https:\/\/civil-technik.com\/wp-content\/uploads\/2021\/05\/DSC01191-980x735.jpg 980w, https:\/\/civil-technik.com\/wp-content\/uploads\/2021\/05\/DSC01191-480x360.jpg 480w, https:\/\/civil-technik.com\/wp-content\/uploads\/2021\/05\/DSC01191.jpg 1280w\" sizes=\"auto, (max-width: 900px) 100vw, 900px\" \/>\t\t\t\t\t\t\t\t\t\t\t\t\t\t\t<\/div>\n\t\t\t\t<\/div>\n\t\t\t\t\t<\/div>\n\t\t<\/div>\n\t\t\t\t<div class=\"elementor-column elementor-col-33 elementor-top-column elementor-element elementor-element-dc25fca\" data-id=\"dc25fca\" data-element_type=\"column\">\n\t\t\t<div class=\"elementor-widget-wrap elementor-element-populated\">\n\t\t\t\t\t\t\t\t<div class=\"elementor-element elementor-element-ee0dfc1 elementor-widget elementor-widget-image\" data-id=\"ee0dfc1\" data-element_type=\"widget\" data-widget_type=\"image.default\">\n\t\t\t\t<div class=\"elementor-widget-container\">\n\t\t\t\t\t\t\t\t\t\t\t\t\t\t\t<img loading=\"lazy\" decoding=\"async\" width=\"900\" height=\"599\" src=\"https:\/\/civil-technik.com\/wp-content\/uploads\/2021\/06\/20210506_134148-scaled-e1624018554369-1024x682.jpg\" class=\"attachment-large size-large wp-image-29040\" alt=\"\" srcset=\"https:\/\/civil-technik.com\/wp-content\/uploads\/2021\/06\/20210506_134148-scaled-e1624018554369-1024x682.jpg 1024w, https:\/\/civil-technik.com\/wp-content\/uploads\/2021\/06\/20210506_134148-scaled-e1624018554369-300x200.jpg 300w, https:\/\/civil-technik.com\/wp-content\/uploads\/2021\/06\/20210506_134148-scaled-e1624018554369-768x511.jpg 768w, https:\/\/civil-technik.com\/wp-content\/uploads\/2021\/06\/20210506_134148-scaled-e1624018554369-1536x1023.jpg 1536w, https:\/\/civil-technik.com\/wp-content\/uploads\/2021\/06\/20210506_134148-scaled-e1624018554369-2048x1363.jpg 2048w, https:\/\/civil-technik.com\/wp-content\/uploads\/2021\/06\/20210506_134148-scaled-e1624018554369-1080x719.jpg 1080w\" sizes=\"auto, (max-width: 900px) 100vw, 900px\" \/>\t\t\t\t\t\t\t\t\t\t\t\t\t\t\t<\/div>\n\t\t\t\t<\/div>\n\t\t\t\t\t<\/div>\n\t\t<\/div>\n\t\t\t\t\t\t\t<\/div>\n\t\t<\/section>\n\t\t\t\t<section class=\"elementor-section elementor-top-section elementor-element elementor-element-813150b elementor-section-boxed elementor-section-height-default elementor-section-height-default\" data-id=\"813150b\" data-element_type=\"section\">\n\t\t\t\t\t\t<div class=\"elementor-container elementor-column-gap-default\">\n\t\t\t\t\t<div class=\"elementor-column elementor-col-100 elementor-top-column elementor-element elementor-element-2317412\" data-id=\"2317412\" data-element_type=\"column\">\n\t\t\t<div class=\"elementor-widget-wrap elementor-element-populated\">\n\t\t\t\t\t\t\t\t<div class=\"elementor-element elementor-element-4f1ea6c elementor-widget elementor-widget-spacer\" data-id=\"4f1ea6c\" data-element_type=\"widget\" data-widget_type=\"spacer.default\">\n\t\t\t\t<div class=\"elementor-widget-container\">\n\t\t\t\t\t<div class=\"elementor-spacer\">\n\t\t\t<div class=\"elementor-spacer-inner\"><\/div>\n\t\t<\/div>\n\t\t\t\t<\/div>\n\t\t\t\t<\/div>\n\t\t\t\t<div class=\"elementor-element elementor-element-8e4f545 elementor-widget-divider--view-line elementor-widget elementor-widget-divider\" data-id=\"8e4f545\" data-element_type=\"widget\" data-widget_type=\"divider.default\">\n\t\t\t\t<div class=\"elementor-widget-container\">\n\t\t\t\t\t<div class=\"elementor-divider\">\n\t\t\t<span class=\"elementor-divider-separator\">\n\t\t\t\t\t\t<\/span>\n\t\t<\/div>\n\t\t\t\t<\/div>\n\t\t\t\t<\/div>\n\t\t\t\t\t<\/div>\n\t\t<\/div>\n\t\t\t\t\t\t\t<\/div>\n\t\t<\/section>\n\t\t\t\t<section class=\"elementor-section elementor-top-section elementor-element elementor-element-f752adb elementor-section-boxed elementor-section-height-default elementor-section-height-default\" data-id=\"f752adb\" data-element_type=\"section\">\n\t\t\t\t\t\t<div class=\"elementor-container elementor-column-gap-default\">\n\t\t\t\t\t<div class=\"elementor-column elementor-col-100 elementor-top-column elementor-element elementor-element-134a9ea\" data-id=\"134a9ea\" data-element_type=\"column\">\n\t\t\t<div class=\"elementor-widget-wrap elementor-element-populated\">\n\t\t\t\t\t\t\t\t<div class=\"elementor-element elementor-element-5a4cdd7 elementor-widget elementor-widget-button\" data-id=\"5a4cdd7\" data-element_type=\"widget\" data-widget_type=\"button.default\">\n\t\t\t\t<div class=\"elementor-widget-container\">\n\t\t\t\t\t<div class=\"elementor-button-wrapper\">\n\t\t\t<a href=\"https:\/\/civil-technik.com\/en\/home\/\" class=\"elementor-button-link elementor-button elementor-size-sm\" role=\"button\">\n\t\t\t\t\t\t<span class=\"elementor-button-content-wrapper\">\n\t\t\t\t\t\t<span class=\"elementor-button-text\">Home<\/span>\n\t\t<\/span>\n\t\t\t\t\t<\/a>\n\t\t<\/div>\n\t\t\t\t<\/div>\n\t\t\t\t<\/div>\n\t\t\t\t\t<\/div>\n\t\t<\/div>\n\t\t\t\t\t\t\t<\/div>\n\t\t<\/section>\n\t\t\t\t\t\t\t<\/div>","protected":false},"excerpt":{"rendered":"<p>Servi\u00e7os Estacas prancha em PVC Perfura\u00e7\u00e3o Horizontal Dirigida Consultoria Engenharia Civil Home<\/p>","protected":false},"author":1,"featured_media":0,"parent":0,"menu_order":2,"comment_status":"closed","ping_status":"closed","template":"","meta":{"footnotes":""},"class_list":["post-29856","page","type-page","status-publish","hentry"],"_links":{"self":[{"href":"https:\/\/civil-technik.com\/en\/wp-json\/wp\/v2\/pages\/29856","targetHints":{"allow":["GET"]}}],"collection":[{"href":"https:\/\/civil-technik.com\/en\/wp-json\/wp\/v2\/pages"}],"about":[{"href":"https:\/\/civil-technik.com\/en\/wp-json\/wp\/v2\/types\/page"}],"author":[{"embeddable":true,"href":"https:\/\/civil-technik.com\/en\/wp-json\/wp\/v2\/users\/1"}],"replies":[{"embeddable":true,"href":"https:\/\/civil-technik.com\/en\/wp-json\/wp\/v2\/comments?post=29856"}],"version-history":[{"count":125,"href":"https:\/\/civil-technik.com\/en\/wp-json\/wp\/v2\/pages\/29856\/revisions"}],"predecessor-version":[{"id":30448,"href":"https:\/\/civil-technik.com\/en\/wp-json\/wp\/v2\/pages\/29856\/revisions\/30448"}],"wp:attachment":[{"href":"https:\/\/civil-technik.com\/en\/wp-json\/wp\/v2\/media?parent=29856"}],"curies":[{"name":"wp","href":"https:\/\/api.w.org\/{rel}","templated":true}]}}