{"id":29742,"date":"2022-05-06T16:19:20","date_gmt":"2022-05-06T14:19:20","guid":{"rendered":"https:\/\/civil-technik.com\/?page_id=29742"},"modified":"2022-05-20T14:31:41","modified_gmt":"2022-05-20T12:31:41","slug":"estacas-prancha-em-pvc","status":"publish","type":"page","link":"https:\/\/civil-technik.com\/en\/servicos\/estacas-prancha-em-pvc\/","title":{"rendered":"PVC Sheet Piles"},"content":{"rendered":"<div data-elementor-type=\"wp-page\" data-elementor-id=\"29742\" class=\"elementor elementor-29742\">\n\t\t\t\t\t\t\t\t\t<section class=\"elementor-section elementor-top-section elementor-element elementor-element-31526d2d elementor-section-boxed elementor-section-height-default elementor-section-height-default\" data-id=\"31526d2d\" data-element_type=\"section\">\n\t\t\t\t\t\t<div class=\"elementor-container elementor-column-gap-default\">\n\t\t\t\t\t<div class=\"elementor-column elementor-col-100 elementor-top-column elementor-element elementor-element-588ee20a\" data-id=\"588ee20a\" data-element_type=\"column\">\n\t\t\t<div class=\"elementor-widget-wrap elementor-element-populated\">\n\t\t\t\t\t\t\t\t<div class=\"elementor-element elementor-element-2e0ec764 elementor-widget elementor-widget-text-editor\" data-id=\"2e0ec764\" data-element_type=\"widget\" data-widget_type=\"text-editor.default\">\n\t\t\t\t<div class=\"elementor-widget-container\">\n\t\t\t\t\t\t\t<!-- wp:divi\/placeholder \/-->\t\t\t\t\t\t<\/div>\n\t\t\t\t<\/div>\n\t\t\t\t\t<\/div>\n\t\t<\/div>\n\t\t\t\t\t\t\t<\/div>\n\t\t<\/section>\n\t\t\t\t<section class=\"elementor-section elementor-top-section elementor-element elementor-element-81e4865 elementor-section-boxed elementor-section-height-default elementor-section-height-default\" data-id=\"81e4865\" data-element_type=\"section\">\n\t\t\t\t\t\t<div class=\"elementor-container elementor-column-gap-default\">\n\t\t\t\t\t<div class=\"elementor-column elementor-col-100 elementor-top-column elementor-element elementor-element-77f1324\" data-id=\"77f1324\" data-element_type=\"column\">\n\t\t\t<div class=\"elementor-widget-wrap elementor-element-populated\">\n\t\t\t\t\t\t\t\t<div class=\"elementor-element elementor-element-76d32f0 elementor-widget-divider--view-line elementor-widget elementor-widget-divider\" data-id=\"76d32f0\" data-element_type=\"widget\" data-widget_type=\"divider.default\">\n\t\t\t\t<div class=\"elementor-widget-container\">\n\t\t\t\t\t<div class=\"elementor-divider\">\n\t\t\t<span class=\"elementor-divider-separator\">\n\t\t\t\t\t\t<\/span>\n\t\t<\/div>\n\t\t\t\t<\/div>\n\t\t\t\t<\/div>\n\t\t\t\t\t<\/div>\n\t\t<\/div>\n\t\t\t\t\t\t\t<\/div>\n\t\t<\/section>\n\t\t\t\t<section class=\"elementor-section elementor-top-section elementor-element elementor-element-98321ab elementor-section-boxed elementor-section-height-default elementor-section-height-default\" data-id=\"98321ab\" data-element_type=\"section\">\n\t\t\t\t\t\t<div class=\"elementor-container elementor-column-gap-default\">\n\t\t\t\t\t<div class=\"elementor-column elementor-col-100 elementor-top-column elementor-element elementor-element-33f8443\" data-id=\"33f8443\" data-element_type=\"column\">\n\t\t\t<div class=\"elementor-widget-wrap elementor-element-populated\">\n\t\t\t\t\t\t\t\t<div class=\"elementor-element elementor-element-0b10474 elementor-widget elementor-widget-heading\" data-id=\"0b10474\" data-element_type=\"widget\" data-widget_type=\"heading.default\">\n\t\t\t\t<div class=\"elementor-widget-container\">\n\t\t\t<h1 class=\"elementor-heading-title elementor-size-default\">PVC Sheet Piles<\/h1>\t\t<\/div>\n\t\t\t\t<\/div>\n\t\t\t\t<div class=\"elementor-element elementor-element-96d3abc elementor-widget elementor-widget-spacer\" data-id=\"96d3abc\" data-element_type=\"widget\" data-widget_type=\"spacer.default\">\n\t\t\t\t<div class=\"elementor-widget-container\">\n\t\t\t\t\t<div class=\"elementor-spacer\">\n\t\t\t<div class=\"elementor-spacer-inner\"><\/div>\n\t\t<\/div>\n\t\t\t\t<\/div>\n\t\t\t\t<\/div>\n\t\t\t\t\t<\/div>\n\t\t<\/div>\n\t\t\t\t\t\t\t<\/div>\n\t\t<\/section>\n\t\t\t\t<section class=\"elementor-section elementor-top-section elementor-element elementor-element-2b75582 elementor-section-boxed elementor-section-height-default elementor-section-height-default\" data-id=\"2b75582\" data-element_type=\"section\">\n\t\t\t\t\t\t<div class=\"elementor-container elementor-column-gap-default\">\n\t\t\t\t\t<div class=\"elementor-column elementor-col-50 elementor-top-column elementor-element elementor-element-5499b8e\" data-id=\"5499b8e\" data-element_type=\"column\">\n\t\t\t<div class=\"elementor-widget-wrap elementor-element-populated\">\n\t\t\t\t\t\t\t\t<div class=\"elementor-element elementor-element-b0194bd elementor-widget elementor-widget-image\" data-id=\"b0194bd\" data-element_type=\"widget\" data-widget_type=\"image.default\">\n\t\t\t\t<div class=\"elementor-widget-container\">\n\t\t\t\t\t\t\t\t\t\t\t\t\t\t\t<img loading=\"lazy\" decoding=\"async\" width=\"900\" height=\"506\" src=\"https:\/\/civil-technik.com\/wp-content\/uploads\/2022\/05\/Estacas-1024x576.png\" class=\"attachment-large size-large wp-image-29744\" alt=\"\" srcset=\"https:\/\/civil-technik.com\/wp-content\/uploads\/2022\/05\/Estacas-1024x576.png 1024w, https:\/\/civil-technik.com\/wp-content\/uploads\/2022\/05\/Estacas-300x169.png 300w, https:\/\/civil-technik.com\/wp-content\/uploads\/2022\/05\/Estacas-768x432.png 768w, https:\/\/civil-technik.com\/wp-content\/uploads\/2022\/05\/Estacas-18x10.png 18w, https:\/\/civil-technik.com\/wp-content\/uploads\/2022\/05\/Estacas-1080x608.png 1080w, https:\/\/civil-technik.com\/wp-content\/uploads\/2022\/05\/Estacas-610x343.png 610w, https:\/\/civil-technik.com\/wp-content\/uploads\/2022\/05\/Estacas.png 1280w\" sizes=\"auto, (max-width: 900px) 100vw, 900px\" \/>\t\t\t\t\t\t\t\t\t\t\t\t\t\t\t<\/div>\n\t\t\t\t<\/div>\n\t\t\t\t\t<\/div>\n\t\t<\/div>\n\t\t\t\t<div class=\"elementor-column elementor-col-50 elementor-top-column elementor-element elementor-element-9f1793c\" data-id=\"9f1793c\" data-element_type=\"column\">\n\t\t\t<div class=\"elementor-widget-wrap elementor-element-populated\">\n\t\t\t\t\t\t\t\t<div class=\"elementor-element elementor-element-28db328 elementor-widget elementor-widget-image\" data-id=\"28db328\" data-element_type=\"widget\" data-widget_type=\"image.default\">\n\t\t\t\t<div class=\"elementor-widget-container\">\n\t\t\t\t\t\t\t\t\t\t\t\t\t\t\t<img loading=\"lazy\" decoding=\"async\" width=\"900\" height=\"506\" src=\"https:\/\/civil-technik.com\/wp-content\/uploads\/2022\/05\/Estacas2-1024x576.png\" class=\"attachment-large size-large wp-image-29745\" alt=\"\" srcset=\"https:\/\/civil-technik.com\/wp-content\/uploads\/2022\/05\/Estacas2-1024x576.png 1024w, https:\/\/civil-technik.com\/wp-content\/uploads\/2022\/05\/Estacas2-300x169.png 300w, https:\/\/civil-technik.com\/wp-content\/uploads\/2022\/05\/Estacas2-768x432.png 768w, https:\/\/civil-technik.com\/wp-content\/uploads\/2022\/05\/Estacas2-18x10.png 18w, https:\/\/civil-technik.com\/wp-content\/uploads\/2022\/05\/Estacas2-1080x608.png 1080w, https:\/\/civil-technik.com\/wp-content\/uploads\/2022\/05\/Estacas2-610x343.png 610w, https:\/\/civil-technik.com\/wp-content\/uploads\/2022\/05\/Estacas2.png 1280w\" sizes=\"auto, (max-width: 900px) 100vw, 900px\" \/>\t\t\t\t\t\t\t\t\t\t\t\t\t\t\t<\/div>\n\t\t\t\t<\/div>\n\t\t\t\t\t<\/div>\n\t\t<\/div>\n\t\t\t\t\t\t\t<\/div>\n\t\t<\/section>\n\t\t\t\t<section class=\"elementor-section elementor-top-section elementor-element elementor-element-43459a5 elementor-section-boxed elementor-section-height-default elementor-section-height-default\" data-id=\"43459a5\" data-element_type=\"section\">\n\t\t\t\t\t\t<div class=\"elementor-container elementor-column-gap-default\">\n\t\t\t\t\t<div class=\"elementor-column elementor-col-100 elementor-top-column elementor-element elementor-element-35ed6d1\" data-id=\"35ed6d1\" data-element_type=\"column\">\n\t\t\t<div class=\"elementor-widget-wrap elementor-element-populated\">\n\t\t\t\t\t\t\t\t<div class=\"elementor-element elementor-element-5c474a5 elementor-widget elementor-widget-spacer\" data-id=\"5c474a5\" data-element_type=\"widget\" data-widget_type=\"spacer.default\">\n\t\t\t\t<div class=\"elementor-widget-container\">\n\t\t\t\t\t<div class=\"elementor-spacer\">\n\t\t\t<div class=\"elementor-spacer-inner\"><\/div>\n\t\t<\/div>\n\t\t\t\t<\/div>\n\t\t\t\t<\/div>\n\t\t\t\t\t<\/div>\n\t\t<\/div>\n\t\t\t\t\t\t\t<\/div>\n\t\t<\/section>\n\t\t\t\t<section class=\"elementor-section elementor-top-section elementor-element elementor-element-66c3407 elementor-section-boxed elementor-section-height-default elementor-section-height-default\" data-id=\"66c3407\" data-element_type=\"section\">\n\t\t\t\t\t\t<div class=\"elementor-container elementor-column-gap-default\">\n\t\t\t\t\t<div class=\"elementor-column elementor-col-100 elementor-top-column elementor-element elementor-element-3128268\" data-id=\"3128268\" data-element_type=\"column\">\n\t\t\t<div class=\"elementor-widget-wrap elementor-element-populated\">\n\t\t\t\t\t\t\t\t<div class=\"elementor-element elementor-element-1e6e368 elementor-widget elementor-widget-text-editor\" data-id=\"1e6e368\" data-element_type=\"widget\" data-widget_type=\"text-editor.default\">\n\t\t\t\t<div class=\"elementor-widget-container\">\n\t\t\t\t\t\t\t<p>The PVC sheet piles are ideal for carrying out work in rivers or the sea and in protected environmental areas thanks to their flexibility and long life, with no need for maintenance and without changing the quality of the water and environmental terrain.<\/p>\t\t\t\t\t\t<\/div>\n\t\t\t\t<\/div>\n\t\t\t\t\t<\/div>\n\t\t<\/div>\n\t\t\t\t\t\t\t<\/div>\n\t\t<\/section>\n\t\t\t\t<section class=\"elementor-section elementor-top-section elementor-element elementor-element-af5448f elementor-section-boxed elementor-section-height-default elementor-section-height-default\" data-id=\"af5448f\" data-element_type=\"section\">\n\t\t\t\t\t\t<div class=\"elementor-container elementor-column-gap-default\">\n\t\t\t\t\t<div class=\"elementor-column elementor-col-100 elementor-top-column elementor-element elementor-element-9efaeb8\" data-id=\"9efaeb8\" data-element_type=\"column\">\n\t\t\t<div class=\"elementor-widget-wrap elementor-element-populated\">\n\t\t\t\t\t\t\t\t<div class=\"elementor-element elementor-element-dfb21f1 elementor-widget elementor-widget-spacer\" data-id=\"dfb21f1\" data-element_type=\"widget\" data-widget_type=\"spacer.default\">\n\t\t\t\t<div class=\"elementor-widget-container\">\n\t\t\t\t\t<div class=\"elementor-spacer\">\n\t\t\t<div class=\"elementor-spacer-inner\"><\/div>\n\t\t<\/div>\n\t\t\t\t<\/div>\n\t\t\t\t<\/div>\n\t\t\t\t<div class=\"elementor-element elementor-element-7b5be4a elementor-widget elementor-widget-image\" data-id=\"7b5be4a\" data-element_type=\"widget\" data-widget_type=\"image.default\">\n\t\t\t\t<div class=\"elementor-widget-container\">\n\t\t\t\t\t\t\t\t\t\t\t\t\t\t\t<img loading=\"lazy\" decoding=\"async\" width=\"768\" height=\"373\" src=\"https:\/\/civil-technik.com\/wp-content\/uploads\/2021\/06\/Picture16-768x373-1.png\" class=\"attachment-large size-large wp-image-29596\" alt=\"\" srcset=\"https:\/\/civil-technik.com\/wp-content\/uploads\/2021\/06\/Picture16-768x373-1.png 768w, https:\/\/civil-technik.com\/wp-content\/uploads\/2021\/06\/Picture16-768x373-1-300x146.png 300w, https:\/\/civil-technik.com\/wp-content\/uploads\/2021\/06\/Picture16-768x373-1-18x9.png 18w, https:\/\/civil-technik.com\/wp-content\/uploads\/2021\/06\/Picture16-768x373-1-310x151.png 310w, https:\/\/civil-technik.com\/wp-content\/uploads\/2021\/06\/Picture16-768x373-1-348x169.png 348w, https:\/\/civil-technik.com\/wp-content\/uploads\/2021\/06\/Picture16-768x373-1-610x296.png 610w\" sizes=\"auto, (max-width: 768px) 100vw, 768px\" \/>\t\t\t\t\t\t\t\t\t\t\t\t\t\t\t<\/div>\n\t\t\t\t<\/div>\n\t\t\t\t\t<\/div>\n\t\t<\/div>\n\t\t\t\t\t\t\t<\/div>\n\t\t<\/section>\n\t\t\t\t<section class=\"elementor-section elementor-top-section elementor-element elementor-element-012d6f4 elementor-section-boxed elementor-section-height-default elementor-section-height-default\" data-id=\"012d6f4\" data-element_type=\"section\">\n\t\t\t\t\t\t<div class=\"elementor-container elementor-column-gap-default\">\n\t\t\t\t\t<div class=\"elementor-column elementor-col-100 elementor-top-column elementor-element elementor-element-bdadeac\" data-id=\"bdadeac\" data-element_type=\"column\">\n\t\t\t<div class=\"elementor-widget-wrap elementor-element-populated\">\n\t\t\t\t\t\t\t\t<div class=\"elementor-element elementor-element-df4f378 elementor-widget elementor-widget-spacer\" data-id=\"df4f378\" data-element_type=\"widget\" data-widget_type=\"spacer.default\">\n\t\t\t\t<div class=\"elementor-widget-container\">\n\t\t\t\t\t<div class=\"elementor-spacer\">\n\t\t\t<div class=\"elementor-spacer-inner\"><\/div>\n\t\t<\/div>\n\t\t\t\t<\/div>\n\t\t\t\t<\/div>\n\t\t\t\t<div class=\"elementor-element elementor-element-b9a9da6 elementor-widget elementor-widget-text-editor\" data-id=\"b9a9da6\" data-element_type=\"widget\" data-widget_type=\"text-editor.default\">\n\t\t\t\t<div class=\"elementor-widget-container\">\n\t\t\t\t\t\t\t<h2><strong>Resistant, Durable and Watertight<\/strong><\/h2>\t\t\t\t\t\t<\/div>\n\t\t\t\t<\/div>\n\t\t\t\t\t<\/div>\n\t\t<\/div>\n\t\t\t\t\t\t\t<\/div>\n\t\t<\/section>\n\t\t\t\t<section class=\"elementor-section elementor-top-section elementor-element elementor-element-5f69119 elementor-section-boxed elementor-section-height-default elementor-section-height-default\" data-id=\"5f69119\" data-element_type=\"section\">\n\t\t\t\t\t\t<div class=\"elementor-container elementor-column-gap-default\">\n\t\t\t\t\t<div class=\"elementor-column elementor-col-100 elementor-top-column elementor-element elementor-element-8bfa493\" data-id=\"8bfa493\" data-element_type=\"column\">\n\t\t\t<div class=\"elementor-widget-wrap elementor-element-populated\">\n\t\t\t\t\t\t\t\t<div class=\"elementor-element elementor-element-be34246 elementor-widget elementor-widget-text-editor\" data-id=\"be34246\" data-element_type=\"widget\" data-widget_type=\"text-editor.default\">\n\t\t\t\t<div class=\"elementor-widget-container\">\n\t\t\t\t\t\t\t<ul>\n<li>\n<p>50 years factory restricted warranty on material<\/p>\n<\/li>\n<li>\n<p>No maintenance required<span style=\"font-weight: var( --e-global-typography-text-font-weight );\">Altamente resistente \u00e0 corros\u00e3o e ao impacto de fatores atmosf\u00e9ricos e biol\u00f3gicos, incluindo radia\u00e7\u00e3o UV e \u00e1gua do mar<\/span><\/p>\n<\/li>\n<li>\n<p><span style=\"font-weight: var( --e-global-typography-text-font-weight );\">Resistant to mechanical damage including scratches, cracks and abrasions<\/span><\/p>\n<\/li>\n<li>\n<p><span style=\"font-weight: var( --e-global-typography-text-font-weight );\">Internal core made up of recycled materials<\/span><\/p>\n<\/li>\n<li>\n<p><span style=\"font-weight: var( --e-global-typography-text-font-weight );\">100% Recyclable<\/span><\/p>\n<\/li>\n<li>\n<p><span style=\"font-weight: var( --e-global-typography-text-font-weight );\">Does not change the quality of the water or ground it comes into contact with<\/span><\/p>\n<\/li>\n<\/ul>\t\t\t\t\t\t<\/div>\n\t\t\t\t<\/div>\n\t\t\t\t<div class=\"elementor-element elementor-element-8327d5b elementor-widget elementor-widget-spacer\" data-id=\"8327d5b\" data-element_type=\"widget\" data-widget_type=\"spacer.default\">\n\t\t\t\t<div class=\"elementor-widget-container\">\n\t\t\t\t\t<div class=\"elementor-spacer\">\n\t\t\t<div class=\"elementor-spacer-inner\"><\/div>\n\t\t<\/div>\n\t\t\t\t<\/div>\n\t\t\t\t<\/div>\n\t\t\t\t\t<\/div>\n\t\t<\/div>\n\t\t\t\t\t\t\t<\/div>\n\t\t<\/section>\n\t\t\t\t<section class=\"elementor-section elementor-top-section elementor-element elementor-element-3c63dd9 elementor-section-boxed elementor-section-height-default elementor-section-height-default\" data-id=\"3c63dd9\" data-element_type=\"section\">\n\t\t\t\t\t\t<div class=\"elementor-container elementor-column-gap-default\">\n\t\t\t\t\t<div class=\"elementor-column elementor-col-50 elementor-top-column elementor-element elementor-element-f5de130\" data-id=\"f5de130\" data-element_type=\"column\">\n\t\t\t<div class=\"elementor-widget-wrap elementor-element-populated\">\n\t\t\t\t\t\t\t\t<div class=\"elementor-element elementor-element-77f2c04 elementor-align-center elementor-widget elementor-widget-button\" data-id=\"77f2c04\" data-element_type=\"widget\" data-widget_type=\"button.default\">\n\t\t\t\t<div class=\"elementor-widget-container\">\n\t\t\t\t\t<div class=\"elementor-button-wrapper\">\n\t\t\t<a href=\"https:\/\/civil-technik.com\/en\/servicos\/estacas-prancha-em-pvc\/aplicacoes\/\" class=\"elementor-button-link elementor-button elementor-size-xl\" role=\"button\">\n\t\t\t\t\t\t<span class=\"elementor-button-content-wrapper\">\n\t\t\t\t\t\t<span class=\"elementor-button-text\">Applications<\/span>\n\t\t<\/span>\n\t\t\t\t\t<\/a>\n\t\t<\/div>\n\t\t\t\t<\/div>\n\t\t\t\t<\/div>\n\t\t\t\t\t<\/div>\n\t\t<\/div>\n\t\t\t\t<div class=\"elementor-column elementor-col-50 elementor-top-column elementor-element elementor-element-f6d6587\" data-id=\"f6d6587\" data-element_type=\"column\">\n\t\t\t<div class=\"elementor-widget-wrap elementor-element-populated\">\n\t\t\t\t\t\t\t\t<div class=\"elementor-element elementor-element-aae7fce elementor-align-center elementor-widget elementor-widget-button\" data-id=\"aae7fce\" data-element_type=\"widget\" data-widget_type=\"button.default\">\n\t\t\t\t<div class=\"elementor-widget-container\">\n\t\t\t\t\t<div class=\"elementor-button-wrapper\">\n\t\t\t<a href=\"https:\/\/civil-technik.com\/en\/servicos\/estacas-prancha-em-pvc\/perfis\/\" class=\"elementor-button-link elementor-button elementor-size-xl\" role=\"button\">\n\t\t\t\t\t\t<span class=\"elementor-button-content-wrapper\">\n\t\t\t\t\t\t<span class=\"elementor-button-text\">Profiles<\/span>\n\t\t<\/span>\n\t\t\t\t\t<\/a>\n\t\t<\/div>\n\t\t\t\t<\/div>\n\t\t\t\t<\/div>\n\t\t\t\t\t<\/div>\n\t\t<\/div>\n\t\t\t\t\t\t\t<\/div>\n\t\t<\/section>\n\t\t\t\t<section class=\"elementor-section elementor-top-section elementor-element elementor-element-813150b elementor-section-boxed elementor-section-height-default elementor-section-height-default\" data-id=\"813150b\" data-element_type=\"section\">\n\t\t\t\t\t\t<div class=\"elementor-container elementor-column-gap-default\">\n\t\t\t\t\t<div class=\"elementor-column elementor-col-100 elementor-top-column elementor-element elementor-element-2317412\" data-id=\"2317412\" data-element_type=\"column\">\n\t\t\t<div class=\"elementor-widget-wrap elementor-element-populated\">\n\t\t\t\t\t\t\t\t<div class=\"elementor-element elementor-element-8e4f545 elementor-widget-divider--view-line elementor-widget elementor-widget-divider\" data-id=\"8e4f545\" data-element_type=\"widget\" data-widget_type=\"divider.default\">\n\t\t\t\t<div class=\"elementor-widget-container\">\n\t\t\t\t\t<div class=\"elementor-divider\">\n\t\t\t<span class=\"elementor-divider-separator\">\n\t\t\t\t\t\t<\/span>\n\t\t<\/div>\n\t\t\t\t<\/div>\n\t\t\t\t<\/div>\n\t\t\t\t\t<\/div>\n\t\t<\/div>\n\t\t\t\t\t\t\t<\/div>\n\t\t<\/section>\n\t\t\t\t<section class=\"elementor-section elementor-top-section elementor-element elementor-element-f752adb elementor-section-boxed elementor-section-height-default elementor-section-height-default\" data-id=\"f752adb\" data-element_type=\"section\">\n\t\t\t\t\t\t<div class=\"elementor-container elementor-column-gap-default\">\n\t\t\t\t\t<div class=\"elementor-column elementor-col-100 elementor-top-column elementor-element elementor-element-134a9ea\" data-id=\"134a9ea\" data-element_type=\"column\">\n\t\t\t<div class=\"elementor-widget-wrap elementor-element-populated\">\n\t\t\t\t\t\t\t\t<div class=\"elementor-element elementor-element-5a4cdd7 elementor-widget elementor-widget-button\" data-id=\"5a4cdd7\" data-element_type=\"widget\" data-widget_type=\"button.default\">\n\t\t\t\t<div class=\"elementor-widget-container\">\n\t\t\t\t\t<div class=\"elementor-button-wrapper\">\n\t\t\t<a href=\"https:\/\/civil-technik.com\/en\/home\/\" class=\"elementor-button-link elementor-button elementor-size-sm\" role=\"button\">\n\t\t\t\t\t\t<span class=\"elementor-button-content-wrapper\">\n\t\t\t\t\t\t<span class=\"elementor-button-text\">Home<\/span>\n\t\t<\/span>\n\t\t\t\t\t<\/a>\n\t\t<\/div>\n\t\t\t\t<\/div>\n\t\t\t\t<\/div>\n\t\t\t\t\t<\/div>\n\t\t<\/div>\n\t\t\t\t\t\t\t<\/div>\n\t\t<\/section>\n\t\t\t\t\t\t\t<\/div>","protected":false},"excerpt":{"rendered":"<p>Estacas Prancha em PVC As Estacas Prancha em PVC s\u00e3o ideais para a realiza\u00e7\u00e3o de trabalhos em rios ou no mar e em \u00e1reas ambientais protegidas gra\u00e7as \u00e0 sua flexibilidade e longa vida \u00fatil, sem necessidade de manuten\u00e7\u00e3o e sem alterar a qualidade da \u00e1gua e terreno ambiental. Resistentes, Duradouras e Estanques 50 anos de<span class=\"dots\"> &hellip; <\/span><span class=\"link-more\"><a href=\"https:\/\/civil-technik.com\/en\/servicos\/estacas-prancha-em-pvc\/\" class=\"more-link\">Read more <span class=\"screen-reader-text\">&#8220;Estacas Prancha em PVC&#8221;<\/span><\/a><\/span><\/p>","protected":false},"author":1,"featured_media":0,"parent":29856,"menu_order":1,"comment_status":"closed","ping_status":"closed","template":"","meta":{"footnotes":""},"class_list":["post-29742","page","type-page","status-publish","hentry"],"_links":{"self":[{"href":"https:\/\/civil-technik.com\/en\/wp-json\/wp\/v2\/pages\/29742","targetHints":{"allow":["GET"]}}],"collection":[{"href":"https:\/\/civil-technik.com\/en\/wp-json\/wp\/v2\/pages"}],"about":[{"href":"https:\/\/civil-technik.com\/en\/wp-json\/wp\/v2\/types\/page"}],"author":[{"embeddable":true,"href":"https:\/\/civil-technik.com\/en\/wp-json\/wp\/v2\/users\/1"}],"replies":[{"embeddable":true,"href":"https:\/\/civil-technik.com\/en\/wp-json\/wp\/v2\/comments?post=29742"}],"version-history":[{"count":47,"href":"https:\/\/civil-technik.com\/en\/wp-json\/wp\/v2\/pages\/29742\/revisions"}],"predecessor-version":[{"id":30324,"href":"https:\/\/civil-technik.com\/en\/wp-json\/wp\/v2\/pages\/29742\/revisions\/30324"}],"up":[{"embeddable":true,"href":"https:\/\/civil-technik.com\/en\/wp-json\/wp\/v2\/pages\/29856"}],"wp:attachment":[{"href":"https:\/\/civil-technik.com\/en\/wp-json\/wp\/v2\/media?parent=29742"}],"curies":[{"name":"wp","href":"https:\/\/api.w.org\/{rel}","templated":true}]}}