{"id":28988,"date":"2021-06-10T17:03:40","date_gmt":"2021-06-10T15:03:40","guid":{"rendered":"https:\/\/civil-technik.com\/?page_id=28988"},"modified":"2022-05-20T14:29:51","modified_gmt":"2022-05-20T12:29:51","slug":"quem-somos","status":"publish","type":"page","link":"https:\/\/civil-technik.com\/en\/quem-somos\/","title":{"rendered":"About us"},"content":{"rendered":"<div data-elementor-type=\"wp-page\" data-elementor-id=\"28988\" class=\"elementor elementor-28988\">\n\t\t\t\t\t\t\t\t\t<section class=\"elementor-section elementor-top-section elementor-element elementor-element-e2f4ce8 elementor-section-boxed elementor-section-height-default elementor-section-height-default\" data-id=\"e2f4ce8\" data-element_type=\"section\">\n\t\t\t\t\t\t<div class=\"elementor-container elementor-column-gap-default\">\n\t\t\t\t\t<div class=\"elementor-column elementor-col-100 elementor-top-column elementor-element elementor-element-42b6196\" data-id=\"42b6196\" data-element_type=\"column\">\n\t\t\t<div class=\"elementor-widget-wrap elementor-element-populated\">\n\t\t\t\t\t\t\t\t<div class=\"elementor-element elementor-element-d64d8b2 elementor-widget-divider--view-line elementor-widget elementor-widget-divider\" data-id=\"d64d8b2\" data-element_type=\"widget\" data-widget_type=\"divider.default\">\n\t\t\t\t<div class=\"elementor-widget-container\">\n\t\t\t\t\t<div class=\"elementor-divider\">\n\t\t\t<span class=\"elementor-divider-separator\">\n\t\t\t\t\t\t<\/span>\n\t\t<\/div>\n\t\t\t\t<\/div>\n\t\t\t\t<\/div>\n\t\t\t\t\t<\/div>\n\t\t<\/div>\n\t\t\t\t\t\t\t<\/div>\n\t\t<\/section>\n\t\t\t\t<section class=\"elementor-section elementor-top-section elementor-element elementor-element-60add4c elementor-section-boxed elementor-section-height-default elementor-section-height-default\" data-id=\"60add4c\" data-element_type=\"section\">\n\t\t\t\t\t\t<div class=\"elementor-container elementor-column-gap-default\">\n\t\t\t\t\t<div class=\"elementor-column elementor-col-100 elementor-top-column elementor-element elementor-element-51b3328\" data-id=\"51b3328\" data-element_type=\"column\">\n\t\t\t<div class=\"elementor-widget-wrap elementor-element-populated\">\n\t\t\t\t\t\t\t\t<div class=\"elementor-element elementor-element-d514dbc elementor-widget elementor-widget-heading\" data-id=\"d514dbc\" data-element_type=\"widget\" data-widget_type=\"heading.default\">\n\t\t\t\t<div class=\"elementor-widget-container\">\n\t\t\t<h2 class=\"elementor-heading-title elementor-size-default\">About us<\/h2>\t\t<\/div>\n\t\t\t\t<\/div>\n\t\t\t\t\t<\/div>\n\t\t<\/div>\n\t\t\t\t\t\t\t<\/div>\n\t\t<\/section>\n\t\t\t\t<section class=\"elementor-section elementor-top-section elementor-element elementor-element-85feaaf elementor-section-boxed elementor-section-height-default elementor-section-height-default\" data-id=\"85feaaf\" data-element_type=\"section\">\n\t\t\t\t\t\t<div class=\"elementor-container elementor-column-gap-default\">\n\t\t\t\t\t<div class=\"elementor-column elementor-col-100 elementor-top-column elementor-element elementor-element-967d1d3\" data-id=\"967d1d3\" data-element_type=\"column\">\n\t\t\t<div class=\"elementor-widget-wrap elementor-element-populated\">\n\t\t\t\t\t\t\t\t<div class=\"elementor-element elementor-element-564e328 elementor-widget elementor-widget-text-editor\" data-id=\"564e328\" data-element_type=\"widget\" data-widget_type=\"text-editor.default\">\n\t\t\t\t<div class=\"elementor-widget-container\">\n\t\t\t\t\t\t\t<h3><span style=\"color: #000000;\">We are a multi-tasking company in the Civil Construction industry.\u00a0<\/span><br \/><br \/><span style=\"color: #000000;\">Our focus is to work together as a team with our clients, in order to develop sustainable projects with innovative products.<\/span><br \/><br \/><span style=\"color: #000000;\">Some of our services:<\/span><br \/><br \/><span style=\"color: #000000;\">- Exclusive distributor of PVC sheet piles<\/span><br \/><br \/><span style=\"color: #000000;\">- Consultancy and supervision of construction projects<\/span><br \/><br \/><span style=\"color: #000000;\">- Consultancy and inspection in coastal and river protection projects<\/span><br \/><br \/><span style=\"color: #000000;\">- Consultancy and technical services for Horizontal Directional Drilling projects<\/span><br \/><br \/><span style=\"color: #000000;\">- Supplier for drilling equipment<\/span><\/h3>\t\t\t\t\t\t<\/div>\n\t\t\t\t<\/div>\n\t\t\t\t<div class=\"elementor-element elementor-element-d88e1b5 elementor-widget-divider--view-line elementor-widget elementor-widget-divider\" data-id=\"d88e1b5\" data-element_type=\"widget\" data-widget_type=\"divider.default\">\n\t\t\t\t<div class=\"elementor-widget-container\">\n\t\t\t\t\t<div class=\"elementor-divider\">\n\t\t\t<span class=\"elementor-divider-separator\">\n\t\t\t\t\t\t<\/span>\n\t\t<\/div>\n\t\t\t\t<\/div>\n\t\t\t\t<\/div>\n\t\t\t\t\t<\/div>\n\t\t<\/div>\n\t\t\t\t\t\t\t<\/div>\n\t\t<\/section>\n\t\t\t\t<section class=\"elementor-section elementor-top-section elementor-element elementor-element-1657236 elementor-section-boxed elementor-section-height-default elementor-section-height-default\" data-id=\"1657236\" data-element_type=\"section\">\n\t\t\t\t\t\t<div class=\"elementor-container elementor-column-gap-default\">\n\t\t\t\t\t<div class=\"elementor-column elementor-col-100 elementor-top-column elementor-element elementor-element-5100b20\" data-id=\"5100b20\" data-element_type=\"column\">\n\t\t\t<div class=\"elementor-widget-wrap elementor-element-populated\">\n\t\t\t\t\t\t\t\t<div class=\"elementor-element elementor-element-d2d3786 elementor-widget elementor-widget-button\" data-id=\"d2d3786\" data-element_type=\"widget\" data-widget_type=\"button.default\">\n\t\t\t\t<div class=\"elementor-widget-container\">\n\t\t\t\t\t<div class=\"elementor-button-wrapper\">\n\t\t\t<a href=\"https:\/\/civil-technik.com\/en\/home\/\" class=\"elementor-button-link elementor-button elementor-size-sm\" role=\"button\">\n\t\t\t\t\t\t<span class=\"elementor-button-content-wrapper\">\n\t\t\t\t\t\t<span class=\"elementor-button-text\">Home<\/span>\n\t\t<\/span>\n\t\t\t\t\t<\/a>\n\t\t<\/div>\n\t\t\t\t<\/div>\n\t\t\t\t<\/div>\n\t\t\t\t\t<\/div>\n\t\t<\/div>\n\t\t\t\t\t\t\t<\/div>\n\t\t<\/section>\n\t\t\t\t\t\t\t<\/div>","protected":false},"excerpt":{"rendered":"<p>Quem Somos Somos uma empresa multidisciplinar na \u00e1rea da constru\u00e7\u00e3o civil.&nbsp; O nosso foco \u00e9 trabalhar em equipa com os nossos clientes, de modo a desenvolver projetos sustent\u00e1veis com produtos inovadores. Alguns dos servi\u00e7os que oferecemos: &#8211; Distribui\u00e7\u00e3o de estacas prancha em PVC &#8211; Consultoria, projetos e fiscaliza\u00e7\u00e3o de constru\u00e7\u00e3o Civil &#8211; Consultoria e fiscaliza\u00e7\u00e3o<span class=\"dots\"> &hellip; <\/span><span class=\"link-more\"><a href=\"https:\/\/civil-technik.com\/en\/quem-somos\/\" class=\"more-link\">Read more <span class=\"screen-reader-text\">&#8220;Quem Somos&#8221;<\/span><\/a><\/span><\/p>","protected":false},"author":1,"featured_media":0,"parent":0,"menu_order":2,"comment_status":"closed","ping_status":"closed","template":"","meta":{"footnotes":""},"class_list":["post-28988","page","type-page","status-publish","hentry"],"_links":{"self":[{"href":"https:\/\/civil-technik.com\/en\/wp-json\/wp\/v2\/pages\/28988","targetHints":{"allow":["GET"]}}],"collection":[{"href":"https:\/\/civil-technik.com\/en\/wp-json\/wp\/v2\/pages"}],"about":[{"href":"https:\/\/civil-technik.com\/en\/wp-json\/wp\/v2\/types\/page"}],"author":[{"embeddable":true,"href":"https:\/\/civil-technik.com\/en\/wp-json\/wp\/v2\/users\/1"}],"replies":[{"embeddable":true,"href":"https:\/\/civil-technik.com\/en\/wp-json\/wp\/v2\/comments?post=28988"}],"version-history":[{"count":48,"href":"https:\/\/civil-technik.com\/en\/wp-json\/wp\/v2\/pages\/28988\/revisions"}],"predecessor-version":[{"id":30320,"href":"https:\/\/civil-technik.com\/en\/wp-json\/wp\/v2\/pages\/28988\/revisions\/30320"}],"wp:attachment":[{"href":"https:\/\/civil-technik.com\/en\/wp-json\/wp\/v2\/media?parent=28988"}],"curies":[{"name":"wp","href":"https:\/\/api.w.org\/{rel}","templated":true}]}}