{"id":28929,"date":"2021-06-09T14:00:09","date_gmt":"2021-06-09T12:00:09","guid":{"rendered":"https:\/\/civil-technik.com\/?page_id=28929"},"modified":"2022-05-20T14:33:48","modified_gmt":"2022-05-20T12:33:48","slug":"perfuracao-horizontal-dirigida","status":"publish","type":"page","link":"https:\/\/civil-technik.com\/en\/servicos\/perfuracao-horizontal-dirigida\/","title":{"rendered":"Horizontal Directional Drilling"},"content":{"rendered":"<div data-elementor-type=\"wp-page\" data-elementor-id=\"28929\" class=\"elementor elementor-28929\">\n\t\t\t\t\t\t\t\t\t<section class=\"elementor-section elementor-top-section elementor-element elementor-element-c6dad2b elementor-section-boxed elementor-section-height-default elementor-section-height-default\" data-id=\"c6dad2b\" data-element_type=\"section\">\n\t\t\t\t\t\t<div class=\"elementor-container elementor-column-gap-default\">\n\t\t\t\t\t<div class=\"elementor-column elementor-col-100 elementor-top-column elementor-element elementor-element-8cf7d6b\" data-id=\"8cf7d6b\" data-element_type=\"column\">\n\t\t\t<div class=\"elementor-widget-wrap elementor-element-populated\">\n\t\t\t\t\t\t\t\t<div class=\"elementor-element elementor-element-c385671 elementor-widget-divider--view-line elementor-widget elementor-widget-divider\" data-id=\"c385671\" data-element_type=\"widget\" data-widget_type=\"divider.default\">\n\t\t\t\t<div class=\"elementor-widget-container\">\n\t\t\t\t\t<div class=\"elementor-divider\">\n\t\t\t<span class=\"elementor-divider-separator\">\n\t\t\t\t\t\t<\/span>\n\t\t<\/div>\n\t\t\t\t<\/div>\n\t\t\t\t<\/div>\n\t\t\t\t\t<\/div>\n\t\t<\/div>\n\t\t\t\t\t\t\t<\/div>\n\t\t<\/section>\n\t\t\t\t<section class=\"elementor-section elementor-top-section elementor-element elementor-element-87f8a0a elementor-section-boxed elementor-section-height-default elementor-section-height-default\" data-id=\"87f8a0a\" data-element_type=\"section\">\n\t\t\t\t\t\t<div class=\"elementor-container elementor-column-gap-default\">\n\t\t\t\t\t<div class=\"elementor-column elementor-col-100 elementor-top-column elementor-element elementor-element-6a2be9f\" data-id=\"6a2be9f\" data-element_type=\"column\">\n\t\t\t<div class=\"elementor-widget-wrap elementor-element-populated\">\n\t\t\t\t\t\t\t\t<div class=\"elementor-element elementor-element-60afe73 elementor-widget elementor-widget-heading\" data-id=\"60afe73\" data-element_type=\"widget\" data-widget_type=\"heading.default\">\n\t\t\t\t<div class=\"elementor-widget-container\">\n\t\t\t<h2 class=\"elementor-heading-title elementor-size-default\">Horizontal Directional Drilling<\/h2>\t\t<\/div>\n\t\t\t\t<\/div>\n\t\t\t\t\t<\/div>\n\t\t<\/div>\n\t\t\t\t\t\t\t<\/div>\n\t\t<\/section>\n\t\t\t\t<section class=\"elementor-section elementor-top-section elementor-element elementor-element-acc14ee elementor-section-boxed elementor-section-height-default elementor-section-height-default\" data-id=\"acc14ee\" data-element_type=\"section\">\n\t\t\t\t\t\t<div class=\"elementor-container elementor-column-gap-default\">\n\t\t\t\t\t<div class=\"elementor-column elementor-col-50 elementor-top-column elementor-element elementor-element-49908bf\" data-id=\"49908bf\" data-element_type=\"column\">\n\t\t\t<div class=\"elementor-widget-wrap elementor-element-populated\">\n\t\t\t\t\t\t\t\t<div class=\"elementor-element elementor-element-e6c5e8d elementor-widget elementor-widget-image\" data-id=\"e6c5e8d\" data-element_type=\"widget\" data-widget_type=\"image.default\">\n\t\t\t\t<div class=\"elementor-widget-container\">\n\t\t\t\t\t\t\t\t\t\t\t\t\t\t\t<img loading=\"lazy\" decoding=\"async\" width=\"900\" height=\"675\" src=\"https:\/\/civil-technik.com\/wp-content\/uploads\/2022\/05\/DSC00111-1024x768.jpg\" class=\"attachment-large size-large wp-image-29682\" alt=\"\" srcset=\"https:\/\/civil-technik.com\/wp-content\/uploads\/2022\/05\/DSC00111-1024x768.jpg 1024w, https:\/\/civil-technik.com\/wp-content\/uploads\/2022\/05\/DSC00111-300x225.jpg 300w, https:\/\/civil-technik.com\/wp-content\/uploads\/2022\/05\/DSC00111-768x576.jpg 768w, https:\/\/civil-technik.com\/wp-content\/uploads\/2022\/05\/DSC00111-16x12.jpg 16w, https:\/\/civil-technik.com\/wp-content\/uploads\/2022\/05\/DSC00111-510x382.jpg 510w, https:\/\/civil-technik.com\/wp-content\/uploads\/2022\/05\/DSC00111-1080x810.jpg 1080w, https:\/\/civil-technik.com\/wp-content\/uploads\/2022\/05\/DSC00111-610x458.jpg 610w, https:\/\/civil-technik.com\/wp-content\/uploads\/2022\/05\/DSC00111.jpg 1280w\" sizes=\"auto, (max-width: 900px) 100vw, 900px\" \/>\t\t\t\t\t\t\t\t\t\t\t\t\t\t\t<\/div>\n\t\t\t\t<\/div>\n\t\t\t\t\t<\/div>\n\t\t<\/div>\n\t\t\t\t<div class=\"elementor-column elementor-col-50 elementor-top-column elementor-element elementor-element-3a92b9b\" data-id=\"3a92b9b\" data-element_type=\"column\">\n\t\t\t<div class=\"elementor-widget-wrap elementor-element-populated\">\n\t\t\t\t\t\t\t\t<div class=\"elementor-element elementor-element-8fbc8ab elementor-widget elementor-widget-image\" data-id=\"8fbc8ab\" data-element_type=\"widget\" data-widget_type=\"image.default\">\n\t\t\t\t<div class=\"elementor-widget-container\">\n\t\t\t\t\t\t\t\t\t\t\t\t\t\t\t<img loading=\"lazy\" decoding=\"async\" width=\"900\" height=\"675\" src=\"https:\/\/civil-technik.com\/wp-content\/uploads\/2021\/05\/DSC01191-1024x768.jpg\" class=\"attachment-large size-large wp-image-28842\" alt=\"Perfura\u00e7\u00e3o Horizontal Dirigida\" srcset=\"https:\/\/civil-technik.com\/wp-content\/uploads\/2021\/05\/DSC01191-1024x768.jpg 1024w, https:\/\/civil-technik.com\/wp-content\/uploads\/2021\/05\/DSC01191-300x225.jpg 300w, https:\/\/civil-technik.com\/wp-content\/uploads\/2021\/05\/DSC01191-768x576.jpg 768w, https:\/\/civil-technik.com\/wp-content\/uploads\/2021\/05\/DSC01191-510x382.jpg 510w, https:\/\/civil-technik.com\/wp-content\/uploads\/2021\/05\/DSC01191-1080x810.jpg 1080w, https:\/\/civil-technik.com\/wp-content\/uploads\/2021\/05\/DSC01191-980x735.jpg 980w, https:\/\/civil-technik.com\/wp-content\/uploads\/2021\/05\/DSC01191-480x360.jpg 480w, https:\/\/civil-technik.com\/wp-content\/uploads\/2021\/05\/DSC01191.jpg 1280w\" sizes=\"auto, (max-width: 900px) 100vw, 900px\" \/>\t\t\t\t\t\t\t\t\t\t\t\t\t\t\t<\/div>\n\t\t\t\t<\/div>\n\t\t\t\t\t<\/div>\n\t\t<\/div>\n\t\t\t\t\t\t\t<\/div>\n\t\t<\/section>\n\t\t\t\t<section class=\"elementor-section elementor-top-section elementor-element elementor-element-16a750e elementor-section-boxed elementor-section-height-default elementor-section-height-default\" data-id=\"16a750e\" data-element_type=\"section\">\n\t\t\t\t\t\t<div class=\"elementor-container elementor-column-gap-default\">\n\t\t\t\t\t<div class=\"elementor-column elementor-col-50 elementor-top-column elementor-element elementor-element-e37e49b\" data-id=\"e37e49b\" data-element_type=\"column\">\n\t\t\t<div class=\"elementor-widget-wrap elementor-element-populated\">\n\t\t\t\t\t\t\t\t<div class=\"elementor-element elementor-element-d2c8a64 elementor-widget elementor-widget-image\" data-id=\"d2c8a64\" data-element_type=\"widget\" data-widget_type=\"image.default\">\n\t\t\t\t<div class=\"elementor-widget-container\">\n\t\t\t\t\t\t\t\t\t\t\t\t\t\t\t<img loading=\"lazy\" decoding=\"async\" width=\"900\" height=\"675\" src=\"https:\/\/civil-technik.com\/wp-content\/uploads\/2022\/05\/DSC00120-1024x768.jpg\" class=\"attachment-large size-large wp-image-30291\" alt=\"\" srcset=\"https:\/\/civil-technik.com\/wp-content\/uploads\/2022\/05\/DSC00120-1024x768.jpg 1024w, https:\/\/civil-technik.com\/wp-content\/uploads\/2022\/05\/DSC00120-300x225.jpg 300w, https:\/\/civil-technik.com\/wp-content\/uploads\/2022\/05\/DSC00120-768x576.jpg 768w, https:\/\/civil-technik.com\/wp-content\/uploads\/2022\/05\/DSC00120-16x12.jpg 16w, https:\/\/civil-technik.com\/wp-content\/uploads\/2022\/05\/DSC00120-610x458.jpg 610w, https:\/\/civil-technik.com\/wp-content\/uploads\/2022\/05\/DSC00120.jpg 1280w\" sizes=\"auto, (max-width: 900px) 100vw, 900px\" \/>\t\t\t\t\t\t\t\t\t\t\t\t\t\t\t<\/div>\n\t\t\t\t<\/div>\n\t\t\t\t\t<\/div>\n\t\t<\/div>\n\t\t\t\t<div class=\"elementor-column elementor-col-50 elementor-top-column elementor-element elementor-element-cd2ef1f\" data-id=\"cd2ef1f\" data-element_type=\"column\">\n\t\t\t<div class=\"elementor-widget-wrap elementor-element-populated\">\n\t\t\t\t\t\t\t\t<div class=\"elementor-element elementor-element-446198b elementor-widget elementor-widget-image\" data-id=\"446198b\" data-element_type=\"widget\" data-widget_type=\"image.default\">\n\t\t\t\t<div class=\"elementor-widget-container\">\n\t\t\t\t\t\t\t\t\t\t\t\t\t\t\t<img loading=\"lazy\" decoding=\"async\" width=\"768\" height=\"1024\" src=\"https:\/\/civil-technik.com\/wp-content\/uploads\/2022\/05\/DSC00924-768x1024.jpg\" class=\"attachment-large size-large wp-image-30292\" alt=\"\" \/>\t\t\t\t\t\t\t\t\t\t\t\t\t\t\t<\/div>\n\t\t\t\t<\/div>\n\t\t\t\t\t<\/div>\n\t\t<\/div>\n\t\t\t\t\t\t\t<\/div>\n\t\t<\/section>\n\t\t\t\t<section class=\"elementor-section elementor-top-section elementor-element elementor-element-9de2de4 elementor-section-boxed elementor-section-height-default elementor-section-height-default\" data-id=\"9de2de4\" data-element_type=\"section\">\n\t\t\t\t\t\t<div class=\"elementor-container elementor-column-gap-default\">\n\t\t\t\t\t<div class=\"elementor-column elementor-col-100 elementor-top-column elementor-element elementor-element-c4ccfcd\" data-id=\"c4ccfcd\" data-element_type=\"column\">\n\t\t\t<div class=\"elementor-widget-wrap elementor-element-populated\">\n\t\t\t\t\t\t\t\t<div class=\"elementor-element elementor-element-b11e45d elementor-align-justify elementor-widget elementor-widget-button\" data-id=\"b11e45d\" data-element_type=\"widget\" data-widget_type=\"button.default\">\n\t\t\t\t<div class=\"elementor-widget-container\">\n\t\t\t\t\t<div class=\"elementor-button-wrapper\">\n\t\t\t<a href=\"https:\/\/civil-technik.com\/en\/contactos\/\" class=\"elementor-button-link elementor-button elementor-size-md\" role=\"button\">\n\t\t\t\t\t\t<span class=\"elementor-button-content-wrapper\">\n\t\t\t\t\t\t<span class=\"elementor-button-text\">Contact us<\/span>\n\t\t<\/span>\n\t\t\t\t\t<\/a>\n\t\t<\/div>\n\t\t\t\t<\/div>\n\t\t\t\t<\/div>\n\t\t\t\t\t<\/div>\n\t\t<\/div>\n\t\t\t\t\t\t\t<\/div>\n\t\t<\/section>\n\t\t\t\t<section class=\"elementor-section elementor-top-section elementor-element elementor-element-a608ce0 elementor-section-boxed elementor-section-height-default elementor-section-height-default\" data-id=\"a608ce0\" data-element_type=\"section\">\n\t\t\t\t\t\t<div class=\"elementor-container elementor-column-gap-default\">\n\t\t\t\t\t<div class=\"elementor-column elementor-col-100 elementor-top-column elementor-element elementor-element-6e7c050\" data-id=\"6e7c050\" data-element_type=\"column\">\n\t\t\t<div class=\"elementor-widget-wrap elementor-element-populated\">\n\t\t\t\t\t\t\t\t<div class=\"elementor-element elementor-element-8f74ce8 elementor-widget-divider--view-line elementor-widget elementor-widget-divider\" data-id=\"8f74ce8\" data-element_type=\"widget\" data-widget_type=\"divider.default\">\n\t\t\t\t<div class=\"elementor-widget-container\">\n\t\t\t\t\t<div class=\"elementor-divider\">\n\t\t\t<span class=\"elementor-divider-separator\">\n\t\t\t\t\t\t<\/span>\n\t\t<\/div>\n\t\t\t\t<\/div>\n\t\t\t\t<\/div>\n\t\t\t\t\t<\/div>\n\t\t<\/div>\n\t\t\t\t\t\t\t<\/div>\n\t\t<\/section>\n\t\t\t\t<section class=\"elementor-section elementor-top-section elementor-element elementor-element-dcc95b1 elementor-section-boxed elementor-section-height-default elementor-section-height-default\" data-id=\"dcc95b1\" data-element_type=\"section\">\n\t\t\t\t\t\t<div class=\"elementor-container elementor-column-gap-default\">\n\t\t\t\t\t<div class=\"elementor-column elementor-col-50 elementor-top-column elementor-element elementor-element-630b71e\" data-id=\"630b71e\" data-element_type=\"column\">\n\t\t\t<div class=\"elementor-widget-wrap elementor-element-populated\">\n\t\t\t\t\t\t\t\t<div class=\"elementor-element elementor-element-dded5d1 elementor-widget elementor-widget-button\" data-id=\"dded5d1\" data-element_type=\"widget\" data-widget_type=\"button.default\">\n\t\t\t\t<div class=\"elementor-widget-container\">\n\t\t\t\t\t<div class=\"elementor-button-wrapper\">\n\t\t\t<a href=\"https:\/\/civil-technik.com\/en\/home\/\" class=\"elementor-button-link elementor-button elementor-size-sm\" role=\"button\">\n\t\t\t\t\t\t<span class=\"elementor-button-content-wrapper\">\n\t\t\t\t\t\t<span class=\"elementor-button-text\">Home<\/span>\n\t\t<\/span>\n\t\t\t\t\t<\/a>\n\t\t<\/div>\n\t\t\t\t<\/div>\n\t\t\t\t<\/div>\n\t\t\t\t\t<\/div>\n\t\t<\/div>\n\t\t\t\t<div class=\"elementor-column elementor-col-50 elementor-top-column elementor-element elementor-element-278f6d3\" data-id=\"278f6d3\" data-element_type=\"column\">\n\t\t\t<div class=\"elementor-widget-wrap elementor-element-populated\">\n\t\t\t\t\t\t\t\t<div class=\"elementor-element elementor-element-133a697 elementor-widget elementor-widget-button\" data-id=\"133a697\" data-element_type=\"widget\" data-widget_type=\"button.default\">\n\t\t\t\t<div class=\"elementor-widget-container\">\n\t\t\t\t\t<div class=\"elementor-button-wrapper\">\n\t\t\t<a href=\"https:\/\/civil-technik.com\/en\/servicos\/\" class=\"elementor-button-link elementor-button elementor-size-sm\" role=\"button\">\n\t\t\t\t\t\t<span class=\"elementor-button-content-wrapper\">\n\t\t\t\t\t\t<span class=\"elementor-button-text\">Services<\/span>\n\t\t<\/span>\n\t\t\t\t\t<\/a>\n\t\t<\/div>\n\t\t\t\t<\/div>\n\t\t\t\t<\/div>\n\t\t\t\t\t<\/div>\n\t\t<\/div>\n\t\t\t\t\t\t\t<\/div>\n\t\t<\/section>\n\t\t\t\t\t\t\t<\/div>","protected":false},"excerpt":{"rendered":"<p>Perfura\u00e7\u00e3o Horizontal Dirigida Contacte-nos Home Servi\u00e7os<\/p>","protected":false},"author":1,"featured_media":0,"parent":29856,"menu_order":2,"comment_status":"closed","ping_status":"closed","template":"","meta":{"footnotes":""},"class_list":["post-28929","page","type-page","status-publish","hentry"],"_links":{"self":[{"href":"https:\/\/civil-technik.com\/en\/wp-json\/wp\/v2\/pages\/28929","targetHints":{"allow":["GET"]}}],"collection":[{"href":"https:\/\/civil-technik.com\/en\/wp-json\/wp\/v2\/pages"}],"about":[{"href":"https:\/\/civil-technik.com\/en\/wp-json\/wp\/v2\/types\/page"}],"author":[{"embeddable":true,"href":"https:\/\/civil-technik.com\/en\/wp-json\/wp\/v2\/users\/1"}],"replies":[{"embeddable":true,"href":"https:\/\/civil-technik.com\/en\/wp-json\/wp\/v2\/comments?post=28929"}],"version-history":[{"count":23,"href":"https:\/\/civil-technik.com\/en\/wp-json\/wp\/v2\/pages\/28929\/revisions"}],"predecessor-version":[{"id":30325,"href":"https:\/\/civil-technik.com\/en\/wp-json\/wp\/v2\/pages\/28929\/revisions\/30325"}],"up":[{"embeddable":true,"href":"https:\/\/civil-technik.com\/en\/wp-json\/wp\/v2\/pages\/29856"}],"wp:attachment":[{"href":"https:\/\/civil-technik.com\/en\/wp-json\/wp\/v2\/media?parent=28929"}],"curies":[{"name":"wp","href":"https:\/\/api.w.org\/{rel}","templated":true}]}}